{"id":12,"date":"2024-01-11T17:06:25","date_gmt":"2024-01-11T17:06:25","guid":{"rendered":"https:\/\/xpomet.com\/impressum\/"},"modified":"2024-01-31T18:34:22","modified_gmt":"2024-01-31T18:34:22","slug":"impressum","status":"publish","type":"page","link":"https:\/\/xpomet.com\/en\/impressum\/","title":{"rendered":"Imprint"},"content":{"rendered":"<p>G\u00d6K Consulting GmbH<br \/>\nAm Borsigturm 13<br \/>\nD-13507 Berlin<\/p>\n<p>Managing directors: Dr. Stefan Drauschke, Dipl.-Ing. Ulrich Pieper<\/p>\n<p class=\"translation-block\">Phone number: +49 30 351 99 \u2013 670<br>\nFax number: +49 30 35199 \u2013 640<br>\nE-mail: info@goek-consulting.de<\/p>\n<p>Court of registration &amp; Registration number: Amtsgericht Berlin Charlottenburg:\u00a0 HRB 215137 B<br \/>\nVAT identification number: DE 813 777 282<\/p>\n<p>Responsible for content: Dipl.-Ing. Ulrich Pieper, address as seen above.<\/p>\n<p>European Commission consumer platform for Online Dispute Resolution (ODR): https:\/\/ec.europa.eu\/consumers\/odr\/. We are neither willing nor obliged to participate in dispute resolution proceedings in front of a consumer arbitration board.<\/p>","protected":false},"excerpt":{"rendered":"<p>G\u00d6K Consulting GmbH Am Borsigturm 13 D-13507 Berlin Gesch\u00e4ftsf\u00fchrung: Dr. Stefan Drauschke, Dipl.-Ing. Ulrich Pieper Telefonnummer: +49 30 351 99 &#8211; 670 Faxnummer: +49 30 35199 &#8211; 640 E-Mailadresse: info@goek-consulting.de Registergericht &amp; Registernummer: Amtsgericht Berlin Charlottenburg:\u00a0 HRB 215137 B Umsatzsteuer-Identifikationsnummer: DE 813 777 282 Inhaltlich verantwortlich: Dipl.-Ing. Ulrich Pieper, Adresse wie oben. Plattform der Europ\u00e4ischen [&hellip;]<\/p>\n","protected":false},"author":3,"featured_media":0,"parent":0,"menu_order":0,"comment_status":"closed","ping_status":"closed","template":"","meta":{"footnotes":""},"class_list":["post-12","page","type-page","status-publish","hentry"],"blocksy_meta":[],"yoast_head":"<!-- This site is optimized with the Yoast SEO plugin v27.3 - https:\/\/yoast.com\/product\/yoast-seo-wordpress\/ -->\n<title>Impressum - XPOMET Medicinale<\/title>\n<meta name=\"robots\" content=\"index, follow, max-snippet:-1, max-image-preview:large, max-video-preview:-1\" \/>\n<link rel=\"canonical\" href=\"https:\/\/xpomet.com\/en\/impressum\/\" \/>\n<meta property=\"og:locale\" content=\"en_GB\" \/>\n<meta property=\"og:type\" content=\"article\" \/>\n<meta property=\"og:title\" content=\"Impressum - XPOMET Medicinale\" \/>\n<meta property=\"og:description\" content=\"G\u00d6K Consulting GmbH Am Borsigturm 13 D-13507 Berlin Gesch\u00e4ftsf\u00fchrung: Dr. Stefan Drauschke, Dipl.-Ing. Ulrich Pieper Telefonnummer: +49 30 351 99 &#8211; 670 Faxnummer: +49 30 35199 &#8211; 640 E-Mailadresse: info@goek-consulting.de Registergericht &amp; Registernummer: Amtsgericht Berlin Charlottenburg:\u00a0 HRB 215137 B Umsatzsteuer-Identifikationsnummer: DE 813 777 282 Inhaltlich verantwortlich: Dipl.-Ing. Ulrich Pieper, Adresse wie oben. Plattform der Europ\u00e4ischen [&hellip;]\" \/>\n<meta property=\"og:url\" content=\"https:\/\/xpomet.com\/en\/impressum\/\" \/>\n<meta property=\"og:site_name\" content=\"XPOMET Medicinale\" \/>\n<meta property=\"article:modified_time\" content=\"2024-01-31T18:34:22+00:00\" \/>\n<meta property=\"og:image\" content=\"https:\/\/xpomet.com\/wp-content\/uploads\/2024\/03\/hintergrund-bild.jpg\" \/>\n\t<meta property=\"og:image:width\" content=\"700\" \/>\n\t<meta property=\"og:image:height\" content=\"1137\" \/>\n\t<meta property=\"og:image:type\" content=\"image\/jpeg\" \/>\n<meta name=\"twitter:card\" content=\"summary_large_image\" \/>\n<script type=\"application\/ld+json\" class=\"yoast-schema-graph\">{\"@context\":\"https:\\\/\\\/schema.org\",\"@graph\":[{\"@type\":\"WebPage\",\"@id\":\"https:\\\/\\\/xpomet.com\\\/impressum\\\/\",\"url\":\"https:\\\/\\\/xpomet.com\\\/impressum\\\/\",\"name\":\"Impressum - XPOMET Medicinale\",\"isPartOf\":{\"@id\":\"https:\\\/\\\/xpomet.com\\\/#website\"},\"datePublished\":\"2024-01-11T17:06:25+00:00\",\"dateModified\":\"2024-01-31T18:34:22+00:00\",\"breadcrumb\":{\"@id\":\"https:\\\/\\\/xpomet.com\\\/impressum\\\/#breadcrumb\"},\"inLanguage\":\"en-GB\",\"potentialAction\":[{\"@type\":\"ReadAction\",\"target\":[\"https:\\\/\\\/xpomet.com\\\/impressum\\\/\"]}]},{\"@type\":\"BreadcrumbList\",\"@id\":\"https:\\\/\\\/xpomet.com\\\/impressum\\\/#breadcrumb\",\"itemListElement\":[{\"@type\":\"ListItem\",\"position\":1,\"name\":\"Startseite\",\"item\":\"https:\\\/\\\/xpomet.com\\\/\"},{\"@type\":\"ListItem\",\"position\":2,\"name\":\"Impressum\"}]},{\"@type\":\"WebSite\",\"@id\":\"https:\\\/\\\/xpomet.com\\\/#website\",\"url\":\"https:\\\/\\\/xpomet.com\\\/\",\"name\":\"XPOMET 2024 Tickets\",\"description\":\"International HealthTech Convention\",\"publisher\":{\"@id\":\"https:\\\/\\\/xpomet.com\\\/#organization\"},\"potentialAction\":[{\"@type\":\"SearchAction\",\"target\":{\"@type\":\"EntryPoint\",\"urlTemplate\":\"https:\\\/\\\/xpomet.com\\\/?s={search_term_string}\"},\"query-input\":{\"@type\":\"PropertyValueSpecification\",\"valueRequired\":true,\"valueName\":\"search_term_string\"}}],\"inLanguage\":\"en-GB\"},{\"@type\":\"Organization\",\"@id\":\"https:\\\/\\\/xpomet.com\\\/#organization\",\"name\":\"XPOMET 2024 Tickets\",\"url\":\"https:\\\/\\\/xpomet.com\\\/\",\"logo\":{\"@type\":\"ImageObject\",\"inLanguage\":\"en-GB\",\"@id\":\"https:\\\/\\\/xpomet.com\\\/#\\\/schema\\\/logo\\\/image\\\/\",\"url\":\"https:\\\/\\\/xpomet.com\\\/wp-content\\\/uploads\\\/2024\\\/02\\\/logo_blue.png\",\"contentUrl\":\"https:\\\/\\\/xpomet.com\\\/wp-content\\\/uploads\\\/2024\\\/02\\\/logo_blue.png\",\"width\":6300,\"height\":5392,\"caption\":\"XPOMET 2024 Tickets\"},\"image\":{\"@id\":\"https:\\\/\\\/xpomet.com\\\/#\\\/schema\\\/logo\\\/image\\\/\"}}]}<\/script>\n<!-- \/ Yoast SEO plugin. -->","yoast_head_json":{"title":"Impressum - XPOMET Medicinale","robots":{"index":"index","follow":"follow","max-snippet":"max-snippet:-1","max-image-preview":"max-image-preview:large","max-video-preview":"max-video-preview:-1"},"canonical":"https:\/\/xpomet.com\/en\/impressum\/","og_locale":"en_GB","og_type":"article","og_title":"Impressum - XPOMET Medicinale","og_description":"G\u00d6K Consulting GmbH Am Borsigturm 13 D-13507 Berlin Gesch\u00e4ftsf\u00fchrung: Dr. Stefan Drauschke, Dipl.-Ing. Ulrich Pieper Telefonnummer: +49 30 351 99 &#8211; 670 Faxnummer: +49 30 35199 &#8211; 640 E-Mailadresse: info@goek-consulting.de Registergericht &amp; Registernummer: Amtsgericht Berlin Charlottenburg:\u00a0 HRB 215137 B Umsatzsteuer-Identifikationsnummer: DE 813 777 282 Inhaltlich verantwortlich: Dipl.-Ing. Ulrich Pieper, Adresse wie oben. Plattform der Europ\u00e4ischen [&hellip;]","og_url":"https:\/\/xpomet.com\/en\/impressum\/","og_site_name":"XPOMET Medicinale","article_modified_time":"2024-01-31T18:34:22+00:00","og_image":[{"width":700,"height":1137,"url":"https:\/\/xpomet.com\/wp-content\/uploads\/2024\/03\/hintergrund-bild.jpg","type":"image\/jpeg"}],"twitter_card":"summary_large_image","schema":{"@context":"https:\/\/schema.org","@graph":[{"@type":"WebPage","@id":"https:\/\/xpomet.com\/impressum\/","url":"https:\/\/xpomet.com\/impressum\/","name":"Impressum - XPOMET Medicinale","isPartOf":{"@id":"https:\/\/xpomet.com\/#website"},"datePublished":"2024-01-11T17:06:25+00:00","dateModified":"2024-01-31T18:34:22+00:00","breadcrumb":{"@id":"https:\/\/xpomet.com\/impressum\/#breadcrumb"},"inLanguage":"en-GB","potentialAction":[{"@type":"ReadAction","target":["https:\/\/xpomet.com\/impressum\/"]}]},{"@type":"BreadcrumbList","@id":"https:\/\/xpomet.com\/impressum\/#breadcrumb","itemListElement":[{"@type":"ListItem","position":1,"name":"Startseite","item":"https:\/\/xpomet.com\/"},{"@type":"ListItem","position":2,"name":"Impressum"}]},{"@type":"WebSite","@id":"https:\/\/xpomet.com\/#website","url":"https:\/\/xpomet.com\/","name":"XPOMET 2024 Tickets","description":"International HealthTech Convention","publisher":{"@id":"https:\/\/xpomet.com\/#organization"},"potentialAction":[{"@type":"SearchAction","target":{"@type":"EntryPoint","urlTemplate":"https:\/\/xpomet.com\/?s={search_term_string}"},"query-input":{"@type":"PropertyValueSpecification","valueRequired":true,"valueName":"search_term_string"}}],"inLanguage":"en-GB"},{"@type":"Organization","@id":"https:\/\/xpomet.com\/#organization","name":"XPOMET 2024 Tickets","url":"https:\/\/xpomet.com\/","logo":{"@type":"ImageObject","inLanguage":"en-GB","@id":"https:\/\/xpomet.com\/#\/schema\/logo\/image\/","url":"https:\/\/xpomet.com\/wp-content\/uploads\/2024\/02\/logo_blue.png","contentUrl":"https:\/\/xpomet.com\/wp-content\/uploads\/2024\/02\/logo_blue.png","width":6300,"height":5392,"caption":"XPOMET 2024 Tickets"},"image":{"@id":"https:\/\/xpomet.com\/#\/schema\/logo\/image\/"}}]}},"jetpack_sharing_enabled":true,"_links":{"self":[{"href":"https:\/\/xpomet.com\/en\/wp-json\/wp\/v2\/pages\/12","targetHints":{"allow":["GET"]}}],"collection":[{"href":"https:\/\/xpomet.com\/en\/wp-json\/wp\/v2\/pages"}],"about":[{"href":"https:\/\/xpomet.com\/en\/wp-json\/wp\/v2\/types\/page"}],"author":[{"embeddable":true,"href":"https:\/\/xpomet.com\/en\/wp-json\/wp\/v2\/users\/3"}],"replies":[{"embeddable":true,"href":"https:\/\/xpomet.com\/en\/wp-json\/wp\/v2\/comments?post=12"}],"version-history":[{"count":0,"href":"https:\/\/xpomet.com\/en\/wp-json\/wp\/v2\/pages\/12\/revisions"}],"wp:attachment":[{"href":"https:\/\/xpomet.com\/en\/wp-json\/wp\/v2\/media?parent=12"}],"curies":[{"name":"wp","href":"https:\/\/api.w.org\/{rel}","templated":true}]}}