{"id":8830,"date":"2025-10-24T09:26:09","date_gmt":"2025-10-24T08:26:09","guid":{"rendered":"https:\/\/xpomet.com\/?page_id=8830"},"modified":"2025-10-31T09:43:44","modified_gmt":"2025-10-31T08:43:44","slug":"barrierefreiheit","status":"publish","type":"page","link":"https:\/\/xpomet.com\/en\/barrierefreiheit\/","title":{"rendered":"Barrierefreiheit"},"content":{"rendered":"<div data-elementor-type=\"wp-page\" data-elementor-id=\"8830\" class=\"elementor elementor-8830\">\n\t\t\t\t<div class=\"elementor-element elementor-element-2aa6894c e-flex e-con-boxed e-con e-parent\" data-id=\"2aa6894c\" data-element_type=\"container\">\n\t\t\t\t\t<div class=\"e-con-inner\">\n\t\t\t\t<div class=\"elementor-element elementor-element-545d71e3 elementor-widget elementor-widget-text-editor\" data-id=\"545d71e3\" data-element_type=\"widget\" data-widget_type=\"text-editor.default\">\n\t\t\t\t<div class=\"elementor-widget-container\">\n\t\t\t\t\t\t\t\t\t<h1>Informationen zur Barrierefreiheit<\/h1><h3><strong>Allgemeine Beschreibung:<\/strong><\/h3><p>Auf dieser Website k\u00f6nnen Sie Tickets f\u00fcr unsere Veranstaltungen erwerben. Weitere Informationen zu den jeweiligen Veranstaltungen finden Sie in der jeweiligen Beschreibung.<\/p><p>F\u00fcr die Bezahlung der Tickets stehen Ihnen folgende Zahlungsm\u00f6glichkeiten zur Verf\u00fcgung:<\/p><ul><li>\u00dcberweisung (Rechnung)<\/li><li>PayPal<\/li><\/ul><h3><strong>Information zum Anbieter:<\/strong><\/h3><p>G\u00d6K Consulting GmbH<br \/><span data-olk-copy-source=\"MessageBody\">Am Borsigturm 13, 13507 Berlin<\/span><br \/>Phone: <span data-olk-copy-source=\"MessageBody\">+49 (0) 30 35199670<\/span><br \/>E-Mail: info@goek-consulting.de<\/p><h3><strong>Gesetzliche Anforderungen:<\/strong><\/h3><p>Die gesetzlichen Anforderungen ergeben sich aus dem Barrierefreiheitsst\u00e4rkungsgesetz (BFSG), insbesondere \u00a7 14 im Verbindung mit \u00a7 3 Abs. 1 BFSG unter Verweis auf die Verordnung zum Barrierefreiheitsst\u00e4rkungsgesetz (BFSGV).<\/p><h3><strong>Erf\u00fcllung der Barrierefreiheitsanforderungen:<\/strong><\/h3><p>Bei der Erf\u00fcllung der Barrierefreiheitsanforderungen dieses Ticketshops wurden folgende Normen und Richtlinien angewandt:<\/p><ul><li>Harmonisierte Europ\u00e4ische Norm (EN) 301 549, Version 3.2.1<\/li><li>Web Content Accessibility Guidelines (WCAG), Version 2.2, Stufen A und AA<\/li><\/ul><p>Unser Angebot basiert auf einer standardisierten Software f\u00fcr Ticketshops. Der Hersteller dieser Software hat diese Software mit der Unterst\u00fctzung von Fachleuten f\u00fcr digitale Barrierefreiheit optimiert und anhand von Beispielen einem unabh\u00e4ngigen externen Barrierefreiheitstest unterzogen. Der Hersteller f\u00fchrt intern regelm\u00e4\u00dfig weitere automatisierte oder manuelle Tests durch.<\/p><p>Bei der Konfiguration der Software zur Umsetzung unseres Ticketshops haben wir die Hinweise des Herstellers ber\u00fccksichtigt, um ein barrierefreies Ergebnis zu erzielen.<\/p><h3><strong>Konkret erf\u00fcllt der Ticketshop die Anforderungen unter anderem durch folgende Ma\u00dfnahmen:<\/strong><\/h3><ul><li>Der Ticketshop ist klar strukturiert, enth\u00e4lt aussagekr\u00e4ftige und sinnvoll strukturierte \u00dcberschriften und Beschriftungen. Links sind gut erkennbar und aussagekr\u00e4ftig beschriftet.<\/li><li>Sie k\u00f6nnen diesen Ticketshop ohne Verlust von Informationen mit assistiven Technologien, wie z.B. Screenreadern, nutzen.<\/li><li>Sie k\u00f6nnen den Ticketshop mit einer externen Tastatur nutzen und steuern. Das funktioniert f\u00fcr alle Bereiche und Funktionen. Die Navigation erfolgt in einer sinnvollen Reihenfolge.<\/li><li>Wenn Sie interaktive Elemente, wie beispielsweise Links oder Schaltfl\u00e4chen, mit der Tastatur ausw\u00e4hlen, heben sich diese visuell deutlich hervor (Fokusmarkierung).<\/li><li>Texte und visuelle Inhalte haben gut erkennbare Kontraste. Die Darstellung (z.B. Schriftgr\u00f6\u00dfen) ist \u00fcber die Einstellungen im Browser und\/oder in Ihrem Betriebssystem anpassbar.<\/li><li>Alle Inhalte sind ohne Farbunterscheidung zug\u00e4nglich und es gibt Textalternativen f\u00fcr Nutzer mit eingeschr\u00e4nktem Sehverm\u00f6gen.<\/li><li>Unser Ticketshop funktioniert mit unterschiedlichen Ausrichtungen. Sie k\u00f6nnen Ihren Bildschirm sowohl quer, als auch hochkant ausrichten. Die Darstellung der Bereiche, Inhalte und Funktionen passt sich automatisch an.<\/li><li>Die Benutzung unseres Ticketshops setzt kein H\u00f6r- oder Sprechverm\u00f6gen voraus.<\/li><li>Wenn der Abschluss einer Buchung eine Zeitbegrenzung hat, wird das rechtzeitig angek\u00fcndigt. Sie k\u00f6nnen die Begrenzung dann verl\u00e4ngern.<\/li><li>Der Ticketshop wurde so gestaltet, dass er Sie beim Vermeiden von Fehlern und bei der Korrektur von Fehlern unterst\u00fctzt.<\/li><li>Die Benutzung des Ticketshops funktioniert ohne komplexe, pfadbasierte oder gleichzeitige Bewegungen.<\/li><li>Der Ticketshop enth\u00e4lt keine Licht- oder Blitz-Effekte, die fotosensitive Anf\u00e4lle ausl\u00f6sen.<\/li><li>Wenn Sie uns Feedback zur Barrierefreiheit unseres Ticketshops geben m\u00f6chten, kontaktieren Sie uns bitte unter den oben unter \u201eInformationen zum Anbieter\u201c angegebenen Kontaktdaten.<\/li><\/ul><h3><strong>Zust\u00e4ndige Markt\u00fcberwachungsbeh\u00f6rde:<\/strong><\/h3><p>Markt\u00fcberwachungsstelle der L\u00e4nder f\u00fcr die Barrierefreiheit von Produkten und Dienstleistungen (MLBF) in Magdeburg (Sachsen-Anhalt).<\/p><p>\u00a0<\/p><p>\u00a0<\/p>\t\t\t\t\t\t\t\t<\/div>\n\t\t\t\t<\/div>\n\t\t\t\t\t<\/div>\n\t\t\t\t<\/div>\n\t\t\t\t<\/div>","protected":false},"excerpt":{"rendered":"<p>Informationen zur Barrierefreiheit Allgemeine Beschreibung: Auf dieser Website k\u00f6nnen Sie Tickets f\u00fcr unsere Veranstaltungen erwerben. Weitere Informationen zu den jeweiligen Veranstaltungen finden Sie in der jeweiligen Beschreibung. F\u00fcr die Bezahlung der Tickets stehen Ihnen folgende Zahlungsm\u00f6glichkeiten zur Verf\u00fcgung: \u00dcberweisung (Rechnung) PayPal Information zum Anbieter: G\u00d6K Consulting GmbHAm Borsigturm 13, 13507 BerlinTelefon: +49 (0) 30 35199670E-Mail: [&hellip;]<\/p>\n","protected":false},"author":962,"featured_media":0,"parent":0,"menu_order":0,"comment_status":"closed","ping_status":"closed","template":"","meta":{"footnotes":""},"class_list":["post-8830","page","type-page","status-publish","hentry"],"blocksy_meta":[],"yoast_head":"<!-- This site is optimized with the Yoast SEO plugin v27.3 - https:\/\/yoast.com\/product\/yoast-seo-wordpress\/ -->\n<title>Barrierefreiheit - XPOMET Medicinale<\/title>\n<meta name=\"robots\" content=\"index, follow, max-snippet:-1, max-image-preview:large, max-video-preview:-1\" \/>\n<link rel=\"canonical\" href=\"https:\/\/xpomet.com\/en\/barrierefreiheit\/\" \/>\n<meta property=\"og:locale\" content=\"en_GB\" \/>\n<meta property=\"og:type\" content=\"article\" \/>\n<meta property=\"og:title\" content=\"Barrierefreiheit - XPOMET Medicinale\" \/>\n<meta property=\"og:description\" content=\"Informationen zur Barrierefreiheit Allgemeine Beschreibung: Auf dieser Website k\u00f6nnen Sie Tickets f\u00fcr unsere Veranstaltungen erwerben. Weitere Informationen zu den jeweiligen Veranstaltungen finden Sie in der jeweiligen Beschreibung. F\u00fcr die Bezahlung der Tickets stehen Ihnen folgende Zahlungsm\u00f6glichkeiten zur Verf\u00fcgung: \u00dcberweisung (Rechnung) PayPal Information zum Anbieter: G\u00d6K Consulting GmbHAm Borsigturm 13, 13507 BerlinTelefon: +49 (0) 30 35199670E-Mail: [&hellip;]\" \/>\n<meta property=\"og:url\" content=\"https:\/\/xpomet.com\/en\/barrierefreiheit\/\" \/>\n<meta property=\"og:site_name\" content=\"XPOMET Medicinale\" \/>\n<meta property=\"article:modified_time\" content=\"2025-10-31T08:43:44+00:00\" \/>\n<meta property=\"og:image\" content=\"https:\/\/xpomet.com\/wp-content\/uploads\/2024\/03\/hintergrund-bild.jpg\" \/>\n\t<meta property=\"og:image:width\" content=\"700\" \/>\n\t<meta property=\"og:image:height\" content=\"1137\" \/>\n\t<meta property=\"og:image:type\" content=\"image\/jpeg\" \/>\n<meta name=\"twitter:card\" content=\"summary_large_image\" \/>\n<meta name=\"twitter:label1\" content=\"Estimated reading time\" \/>\n\t<meta name=\"twitter:data1\" content=\"2 minutes\" \/>\n<script type=\"application\/ld+json\" class=\"yoast-schema-graph\">{\"@context\":\"https:\\\/\\\/schema.org\",\"@graph\":[{\"@type\":\"WebPage\",\"@id\":\"https:\\\/\\\/xpomet.com\\\/barrierefreiheit\\\/\",\"url\":\"https:\\\/\\\/xpomet.com\\\/barrierefreiheit\\\/\",\"name\":\"Barrierefreiheit - XPOMET Medicinale\",\"isPartOf\":{\"@id\":\"https:\\\/\\\/xpomet.com\\\/#website\"},\"datePublished\":\"2025-10-24T08:26:09+00:00\",\"dateModified\":\"2025-10-31T08:43:44+00:00\",\"breadcrumb\":{\"@id\":\"https:\\\/\\\/xpomet.com\\\/barrierefreiheit\\\/#breadcrumb\"},\"inLanguage\":\"en-GB\",\"potentialAction\":[{\"@type\":\"ReadAction\",\"target\":[\"https:\\\/\\\/xpomet.com\\\/barrierefreiheit\\\/\"]}]},{\"@type\":\"BreadcrumbList\",\"@id\":\"https:\\\/\\\/xpomet.com\\\/barrierefreiheit\\\/#breadcrumb\",\"itemListElement\":[{\"@type\":\"ListItem\",\"position\":1,\"name\":\"Startseite\",\"item\":\"https:\\\/\\\/xpomet.com\\\/\"},{\"@type\":\"ListItem\",\"position\":2,\"name\":\"Barrierefreiheit\"}]},{\"@type\":\"WebSite\",\"@id\":\"https:\\\/\\\/xpomet.com\\\/#website\",\"url\":\"https:\\\/\\\/xpomet.com\\\/\",\"name\":\"XPOMET 2024 Tickets\",\"description\":\"International HealthTech Convention\",\"publisher\":{\"@id\":\"https:\\\/\\\/xpomet.com\\\/#organization\"},\"potentialAction\":[{\"@type\":\"SearchAction\",\"target\":{\"@type\":\"EntryPoint\",\"urlTemplate\":\"https:\\\/\\\/xpomet.com\\\/?s={search_term_string}\"},\"query-input\":{\"@type\":\"PropertyValueSpecification\",\"valueRequired\":true,\"valueName\":\"search_term_string\"}}],\"inLanguage\":\"en-GB\"},{\"@type\":\"Organization\",\"@id\":\"https:\\\/\\\/xpomet.com\\\/#organization\",\"name\":\"XPOMET 2024 Tickets\",\"url\":\"https:\\\/\\\/xpomet.com\\\/\",\"logo\":{\"@type\":\"ImageObject\",\"inLanguage\":\"en-GB\",\"@id\":\"https:\\\/\\\/xpomet.com\\\/#\\\/schema\\\/logo\\\/image\\\/\",\"url\":\"https:\\\/\\\/xpomet.com\\\/wp-content\\\/uploads\\\/2024\\\/02\\\/logo_blue.png\",\"contentUrl\":\"https:\\\/\\\/xpomet.com\\\/wp-content\\\/uploads\\\/2024\\\/02\\\/logo_blue.png\",\"width\":6300,\"height\":5392,\"caption\":\"XPOMET 2024 Tickets\"},\"image\":{\"@id\":\"https:\\\/\\\/xpomet.com\\\/#\\\/schema\\\/logo\\\/image\\\/\"}}]}<\/script>\n<!-- \/ Yoast SEO plugin. -->","yoast_head_json":{"title":"Barrierefreiheit - XPOMET Medicinale","robots":{"index":"index","follow":"follow","max-snippet":"max-snippet:-1","max-image-preview":"max-image-preview:large","max-video-preview":"max-video-preview:-1"},"canonical":"https:\/\/xpomet.com\/en\/barrierefreiheit\/","og_locale":"en_GB","og_type":"article","og_title":"Barrierefreiheit - XPOMET Medicinale","og_description":"Informationen zur Barrierefreiheit Allgemeine Beschreibung: Auf dieser Website k\u00f6nnen Sie Tickets f\u00fcr unsere Veranstaltungen erwerben. Weitere Informationen zu den jeweiligen Veranstaltungen finden Sie in der jeweiligen Beschreibung. F\u00fcr die Bezahlung der Tickets stehen Ihnen folgende Zahlungsm\u00f6glichkeiten zur Verf\u00fcgung: \u00dcberweisung (Rechnung) PayPal Information zum Anbieter: G\u00d6K Consulting GmbHAm Borsigturm 13, 13507 BerlinTelefon: +49 (0) 30 35199670E-Mail: [&hellip;]","og_url":"https:\/\/xpomet.com\/en\/barrierefreiheit\/","og_site_name":"XPOMET Medicinale","article_modified_time":"2025-10-31T08:43:44+00:00","og_image":[{"width":700,"height":1137,"url":"https:\/\/xpomet.com\/wp-content\/uploads\/2024\/03\/hintergrund-bild.jpg","type":"image\/jpeg"}],"twitter_card":"summary_large_image","twitter_misc":{"Estimated reading time":"2 minutes"},"schema":{"@context":"https:\/\/schema.org","@graph":[{"@type":"WebPage","@id":"https:\/\/xpomet.com\/barrierefreiheit\/","url":"https:\/\/xpomet.com\/barrierefreiheit\/","name":"Barrierefreiheit - XPOMET Medicinale","isPartOf":{"@id":"https:\/\/xpomet.com\/#website"},"datePublished":"2025-10-24T08:26:09+00:00","dateModified":"2025-10-31T08:43:44+00:00","breadcrumb":{"@id":"https:\/\/xpomet.com\/barrierefreiheit\/#breadcrumb"},"inLanguage":"en-GB","potentialAction":[{"@type":"ReadAction","target":["https:\/\/xpomet.com\/barrierefreiheit\/"]}]},{"@type":"BreadcrumbList","@id":"https:\/\/xpomet.com\/barrierefreiheit\/#breadcrumb","itemListElement":[{"@type":"ListItem","position":1,"name":"Startseite","item":"https:\/\/xpomet.com\/"},{"@type":"ListItem","position":2,"name":"Barrierefreiheit"}]},{"@type":"WebSite","@id":"https:\/\/xpomet.com\/#website","url":"https:\/\/xpomet.com\/","name":"XPOMET 2024 Tickets","description":"International HealthTech Convention","publisher":{"@id":"https:\/\/xpomet.com\/#organization"},"potentialAction":[{"@type":"SearchAction","target":{"@type":"EntryPoint","urlTemplate":"https:\/\/xpomet.com\/?s={search_term_string}"},"query-input":{"@type":"PropertyValueSpecification","valueRequired":true,"valueName":"search_term_string"}}],"inLanguage":"en-GB"},{"@type":"Organization","@id":"https:\/\/xpomet.com\/#organization","name":"XPOMET 2024 Tickets","url":"https:\/\/xpomet.com\/","logo":{"@type":"ImageObject","inLanguage":"en-GB","@id":"https:\/\/xpomet.com\/#\/schema\/logo\/image\/","url":"https:\/\/xpomet.com\/wp-content\/uploads\/2024\/02\/logo_blue.png","contentUrl":"https:\/\/xpomet.com\/wp-content\/uploads\/2024\/02\/logo_blue.png","width":6300,"height":5392,"caption":"XPOMET 2024 Tickets"},"image":{"@id":"https:\/\/xpomet.com\/#\/schema\/logo\/image\/"}}]}},"jetpack_sharing_enabled":true,"_links":{"self":[{"href":"https:\/\/xpomet.com\/en\/wp-json\/wp\/v2\/pages\/8830","targetHints":{"allow":["GET"]}}],"collection":[{"href":"https:\/\/xpomet.com\/en\/wp-json\/wp\/v2\/pages"}],"about":[{"href":"https:\/\/xpomet.com\/en\/wp-json\/wp\/v2\/types\/page"}],"author":[{"embeddable":true,"href":"https:\/\/xpomet.com\/en\/wp-json\/wp\/v2\/users\/962"}],"replies":[{"embeddable":true,"href":"https:\/\/xpomet.com\/en\/wp-json\/wp\/v2\/comments?post=8830"}],"version-history":[{"count":10,"href":"https:\/\/xpomet.com\/en\/wp-json\/wp\/v2\/pages\/8830\/revisions"}],"predecessor-version":[{"id":8871,"href":"https:\/\/xpomet.com\/en\/wp-json\/wp\/v2\/pages\/8830\/revisions\/8871"}],"wp:attachment":[{"href":"https:\/\/xpomet.com\/en\/wp-json\/wp\/v2\/media?parent=8830"}],"curies":[{"name":"wp","href":"https:\/\/api.w.org\/{rel}","templated":true}]}}